{"id":8849,"date":"2021-08-02T15:40:09","date_gmt":"2021-08-02T20:40:09","guid":{"rendered":"https:\/\/serendipityastral.com\/?page_id=8849"},"modified":"2021-10-21T16:53:58","modified_gmt":"2021-10-21T21:53:58","slug":"preguntas-frecuentes-2","status":"publish","type":"page","link":"https:\/\/serendipityastral.com\/cursos\/preguntas-frecuentes-2\/","title":{"rendered":"Quien soy"},"content":{"rendered":"\t\t<div data-elementor-type=\"wp-page\" data-elementor-id=\"8849\" class=\"elementor elementor-8849\">\n\t\t\t\t\t\t\t\t\t<section class=\"elementor-section elementor-top-section elementor-element elementor-element-06c64aa elementor-section-boxed elementor-section-height-default elementor-section-height-default\" data-id=\"06c64aa\" data-element_type=\"section\">\n\t\t\t\t\t\t<div class=\"elementor-container elementor-column-gap-default\">\n\t\t\t\t\t<div class=\"elementor-column elementor-col-100 elementor-top-column elementor-element elementor-element-4e49813\" data-id=\"4e49813\" data-element_type=\"column\">\n\t\t\t<div class=\"elementor-widget-wrap elementor-element-populated\">\n\t\t\t\t\t\t\t\t<div class=\"elementor-element elementor-element-5909622 elementor-widget elementor-widget-text-editor\" data-id=\"5909622\" data-element_type=\"widget\" data-widget_type=\"text-editor.default\">\n\t\t\t\t<div class=\"elementor-widget-container\">\n\t\t\t<style>\/*! elementor - v3.17.0 - 25-10-2023 *\/\n.elementor-widget-text-editor.elementor-drop-cap-view-stacked .elementor-drop-cap{background-color:#69727d;color:#fff}.elementor-widget-text-editor.elementor-drop-cap-view-framed .elementor-drop-cap{color:#69727d;border:3px solid;background-color:transparent}.elementor-widget-text-editor:not(.elementor-drop-cap-view-default) .elementor-drop-cap{margin-top:8px}.elementor-widget-text-editor:not(.elementor-drop-cap-view-default) .elementor-drop-cap-letter{width:1em;height:1em}.elementor-widget-text-editor .elementor-drop-cap{float:left;text-align:center;line-height:1;font-size:50px}.elementor-widget-text-editor .elementor-drop-cap-letter{display:inline-block}<\/style>\t\t\t\t<h2 style=\"text-align: center;\"><img decoding=\"async\" loading=\"lazy\" class=\"wp-image-7191 alignnone\" src=\"https:\/\/serendipityastral.com\/wp-content\/uploads\/2021\/01\/start-icon-300x300.png\" alt=\"\" width=\"46\" height=\"46\" \/>\u00a0 <b>AMANDA ARANGO\u00a0<\/b><img decoding=\"async\" loading=\"lazy\" class=\"alignnone wp-image-7191\" style=\"font-style: inherit; font-size: 1.7em;\" src=\"https:\/\/serendipityastral.com\/wp-content\/uploads\/2021\/01\/start-icon-300x300.png\" alt=\"\" width=\"46\" height=\"46\" \/><\/h2>\t\t\t\t\t\t<\/div>\n\t\t\t\t<\/div>\n\t\t\t\t\t<\/div>\n\t\t<\/div>\n\t\t\t\t\t\t\t<\/div>\n\t\t<\/section>\n\t\t\t\t<section class=\"elementor-section elementor-top-section elementor-element elementor-element-da8a742 elementor-section-boxed elementor-section-height-default elementor-section-height-default\" data-id=\"da8a742\" data-element_type=\"section\">\n\t\t\t\t\t\t<div class=\"elementor-container elementor-column-gap-default\">\n\t\t\t\t\t<div class=\"elementor-column elementor-col-100 elementor-top-column elementor-element elementor-element-122b700\" data-id=\"122b700\" data-element_type=\"column\">\n\t\t\t<div class=\"elementor-widget-wrap elementor-element-populated\">\n\t\t\t\t\t\t\t\t<div class=\"elementor-element elementor-element-73d0a86 elementor-widget elementor-widget-image\" data-id=\"73d0a86\" data-element_type=\"widget\" data-widget_type=\"image.default\">\n\t\t\t\t<div class=\"elementor-widget-container\">\n\t\t\t<style>\/*! elementor - v3.17.0 - 25-10-2023 *\/\n.elementor-widget-image{text-align:center}.elementor-widget-image a{display:inline-block}.elementor-widget-image a img[src$=\".svg\"]{width:48px}.elementor-widget-image img{vertical-align:middle;display:inline-block}<\/style>\t\t\t\t\t\t\t\t\t\t\t\t<img decoding=\"async\" loading=\"lazy\" width=\"300\" height=\"300\" src=\"https:\/\/serendipityastral.com\/cursos\/wp-content\/uploads\/2021\/01\/amanda-arango-300x300.jpg\" class=\"attachment-medium size-medium wp-image-7325\" alt=\"Amanda Arango\" srcset=\"https:\/\/serendipityastral.com\/cursos\/wp-content\/uploads\/2021\/01\/amanda-arango-300x300.jpg 300w, https:\/\/serendipityastral.com\/cursos\/wp-content\/uploads\/2021\/01\/amanda-arango-100x100.jpg 100w, https:\/\/serendipityastral.com\/cursos\/wp-content\/uploads\/2021\/01\/amanda-arango-200x200.jpg 200w, https:\/\/serendipityastral.com\/cursos\/wp-content\/uploads\/2021\/01\/amanda-arango-150x150.jpg 150w, https:\/\/serendipityastral.com\/cursos\/wp-content\/uploads\/2021\/01\/amanda-arango.jpg 400w\" sizes=\"(max-width: 300px) 100vw, 300px\" \/>\t\t\t\t\t\t\t\t\t\t\t\t\t\t\t<\/div>\n\t\t\t\t<\/div>\n\t\t\t\t\t<\/div>\n\t\t<\/div>\n\t\t\t\t\t\t\t<\/div>\n\t\t<\/section>\n\t\t\t\t<section class=\"elementor-section elementor-top-section elementor-element elementor-element-a0a4dc7 elementor-section-boxed elementor-section-height-default elementor-section-height-default\" data-id=\"a0a4dc7\" data-element_type=\"section\" data-settings=\"{&quot;background_background&quot;:&quot;classic&quot;}\">\n\t\t\t\t\t\t<div class=\"elementor-container elementor-column-gap-default\">\n\t\t\t\t\t<div class=\"elementor-column elementor-col-100 elementor-top-column elementor-element elementor-element-1262f41\" data-id=\"1262f41\" data-element_type=\"column\">\n\t\t\t<div class=\"elementor-widget-wrap elementor-element-populated\">\n\t\t\t\t\t\t\t\t<div class=\"elementor-element elementor-element-09a6797 elementor-widget elementor-widget-text-editor\" data-id=\"09a6797\" data-element_type=\"widget\" data-widget_type=\"text-editor.default\">\n\t\t\t\t<div class=\"elementor-widget-container\">\n\t\t\t\t\t\t\t<div>\n<div>\n<h4>\u00bfQui\u00e9n soy?<\/h4>\n<p>Soy de Cali, Colombia<span style=\"font-style: inherit; font-weight: inherit;\">. Estudi\u00e9 psicolog\u00eda en la Pontificia Universidad Javeriana y astrolog\u00eda con Patricia Molina. Tengo estudios complementarios en coaching, enfoque sist\u00e9mico y humanista. Mi elemento principal es el agua, as\u00ed que vengo a servir y entender las necesidades emocionales de los dem\u00e1s.&nbsp;<\/span><\/p><p><span style=\"font-style: inherit; font-weight: inherit;\"><br><\/span><\/p>\n<p><span style=\"font-style: inherit; font-weight: inherit;\">Soy Piscis, ascendente Leo y por eso amo potencializar el crecimiento personal. Mi Luna est\u00e1 en Leo en la casa 12, llev\u00e1ndome a ser generosa con el conocimiento emocional y espiritual. Mi Nodo Norte est\u00e1 en Capricornio, lo cual me lanza a&nbsp; crear estrategias y metodolog\u00edas colectivas que impacten y beneficien a los dem\u00e1s.&nbsp;<\/span><\/p><p><span style=\"font-style: inherit; font-weight: inherit;\"><br><\/span><\/p>\n<p>Mi karma es dejar de ser dependiente y comunicar de manera desinteresada mi profesi\u00f3n.&nbsp;<\/p><p><br><\/p>\n<p><i>&#8220;En el autoconocimiento est\u00e1 el poder de ser realmente quien eres&#8221;.&nbsp;<\/i><\/p><p><i><br><\/i><\/p>\n<\/div>\n<\/div>\n<div>\n<div>\n<h4>\u00bfPorqu\u00e9 combino la astrolog\u00eda con la psicolog\u00eda?<\/h4>\n<p>Hago astrolog\u00eda psicol\u00f3gica, porque es algo que me auto-realiza por completo. Esta combinaci\u00f3n es una metodolog\u00eda terap\u00e9utica que incluye herramientas emocionales y espirituales para que puedas conectar con tu verdadera esencia.&nbsp;<\/p>\n<div>&nbsp;<\/div>\n<\/div>\n<\/div>\n<div>\n<div>\n<h4>\u00bfQu\u00e9 puedes encontrar en una consulta astrol\u00f3gica?<\/h4>\n<p>Una mirada integral acerca de ti, porque la astrolog\u00eda es una herramienta de autoconocimiento que te amplia informaci\u00f3n acerca de tu prop\u00f3sito de vida, tus karmas, c\u00f3mo est\u00e1s configurado energ\u00e9ticamente en cada una de las \u00e1reas de tu vida y con esa informaci\u00f3n saber el tipo de aprendizajes emocionales que vienes a realizar como alma en este plano terrenal.&nbsp;<\/p>\n<div>&nbsp;<\/div>\n<\/div>\n<\/div>\n<div>\n<div>\n<h4>\u00bfPuedes hacer un proceso terap\u00e9utico teniendo como base una mirada astrol\u00f3gica?<\/h4>\n<p>Por supuesto que s\u00ed.&nbsp; La astrolog\u00eda es una pseudociencia y al usarse de forma terap\u00e9utica, es el complemento perfecto para despertar consciencia en el individuo.&nbsp;<\/p>\n<\/div>\n<\/div>\n<div>&nbsp;<\/div>\n<div>\n<div>\n<h4>\u00bfC\u00f3mo puedo agendar una cita contigo?<\/h4>\n<p>Solamente necesitas dar clic en el siguiente enlace para que te puedas conectar inmediatamente con el proceso de reserva.&nbsp;<\/p><p><br><\/p>\n<h5><a href=\"https:\/\/serendipityastral.com\/conecta-contigo\/\"><b>https:\/\/serendipityastral.com\/conecta-contigo\/<\/b><\/a><\/h5>\n<div>&nbsp;<\/div>\n<\/div>\n<\/div>\n<div>\n<div>\n<h4>\u00bfSi estoy por fuera de Colombia puedo agendar citas?<\/h4>\n<p>Si, ya que estamos en una nueva era donde puedes adquirir un proceso completo desde la comodidad de tu pa\u00eds o ciudad.&nbsp;<\/p>\n<\/div>\n<\/div>\t\t\t\t\t\t<\/div>\n\t\t\t\t<\/div>\n\t\t\t\t\t<\/div>\n\t\t<\/div>\n\t\t\t\t\t\t\t<\/div>\n\t\t<\/section>\n\t\t\t\t\t\t\t<\/div>\n\t\t","protected":false},"excerpt":{"rendered":"<p>\u00a0 AMANDA ARANGO\u00a0 \u00bfQui\u00e9n soy? Soy de Cali, Colombia. Estudi\u00e9 psicolog\u00eda en la Pontificia Universidad Javeriana y astrolog\u00eda con Patricia Molina. Tengo estudios complementarios en coaching, enfoque sist\u00e9mico y humanista. Mi elemento principal es el agua, as\u00ed que vengo a servir y entender las necesidades emocionales de los dem\u00e1s.&nbsp; Soy Piscis, ascendente Leo y por &hellip;<\/p>\n<p class=\"read-more\"> <a class=\"\" href=\"https:\/\/serendipityastral.com\/cursos\/preguntas-frecuentes-2\/\"> <span class=\"screen-reader-text\">Quien soy<\/span> Leer m\u00e1s &raquo;<\/a><\/p>\n","protected":false},"author":2,"featured_media":0,"parent":0,"menu_order":0,"comment_status":"closed","ping_status":"closed","template":"","meta":{"site-sidebar-layout":"no-sidebar","site-content-layout":"page-builder","ast-site-content-layout":"","site-content-style":"default","site-sidebar-style":"default","ast-global-header-display":"","ast-banner-title-visibility":"","ast-main-header-display":"","ast-hfb-above-header-display":"","ast-hfb-below-header-display":"","ast-hfb-mobile-header-display":"","site-post-title":"disabled","ast-breadcrumbs-content":"","ast-featured-img":"disabled","footer-sml-layout":"","theme-transparent-header-meta":"default","adv-header-id-meta":"","stick-header-meta":"","header-above-stick-meta":"","header-main-stick-meta":"","header-below-stick-meta":"","astra-migrate-meta-layouts":"","ast-page-background-enabled":"default","ast-page-background-meta":{"desktop":{"background-color":"","background-image":"","background-repeat":"repeat","background-position":"center center","background-size":"auto","background-attachment":"scroll","background-type":"","background-media":"","overlay-type":"","overlay-color":"","overlay-gradient":""},"tablet":{"background-color":"","background-image":"","background-repeat":"repeat","background-position":"center center","background-size":"auto","background-attachment":"scroll","background-type":"","background-media":"","overlay-type":"","overlay-color":"","overlay-gradient":""},"mobile":{"background-color":"","background-image":"","background-repeat":"repeat","background-position":"center center","background-size":"auto","background-attachment":"scroll","background-type":"","background-media":"","overlay-type":"","overlay-color":"","overlay-gradient":""}},"ast-content-background-meta":{"desktop":{"background-color":"var(--ast-global-color-5)","background-image":"","background-repeat":"repeat","background-position":"center center","background-size":"auto","background-attachment":"scroll","background-type":"","background-media":"","overlay-type":"","overlay-color":"","overlay-gradient":""},"tablet":{"background-color":"var(--ast-global-color-5)","background-image":"","background-repeat":"repeat","background-position":"center center","background-size":"auto","background-attachment":"scroll","background-type":"","background-media":"","overlay-type":"","overlay-color":"","overlay-gradient":""},"mobile":{"background-color":"var(--ast-global-color-5)","background-image":"","background-repeat":"repeat","background-position":"center center","background-size":"auto","background-attachment":"scroll","background-type":"","background-media":"","overlay-type":"","overlay-color":"","overlay-gradient":""}},"footnotes":""},"_links":{"self":[{"href":"https:\/\/serendipityastral.com\/cursos\/wp-json\/wp\/v2\/pages\/8849"}],"collection":[{"href":"https:\/\/serendipityastral.com\/cursos\/wp-json\/wp\/v2\/pages"}],"about":[{"href":"https:\/\/serendipityastral.com\/cursos\/wp-json\/wp\/v2\/types\/page"}],"author":[{"embeddable":true,"href":"https:\/\/serendipityastral.com\/cursos\/wp-json\/wp\/v2\/users\/2"}],"replies":[{"embeddable":true,"href":"https:\/\/serendipityastral.com\/cursos\/wp-json\/wp\/v2\/comments?post=8849"}],"version-history":[{"count":0,"href":"https:\/\/serendipityastral.com\/cursos\/wp-json\/wp\/v2\/pages\/8849\/revisions"}],"wp:attachment":[{"href":"https:\/\/serendipityastral.com\/cursos\/wp-json\/wp\/v2\/media?parent=8849"}],"curies":[{"name":"wp","href":"https:\/\/api.w.org\/{rel}","templated":true}]}}